{"id":264,"date":"2024-07-09T17:06:04","date_gmt":"2024-07-09T14:06:04","guid":{"rendered":"https:\/\/project277.siteost.link\/contacts\/"},"modified":"2024-07-10T11:33:28","modified_gmt":"2024-07-10T08:33:28","slug":"contacts","status":"publish","type":"page","link":"https:\/\/holleman.org.ua\/en\/contacts\/","title":{"rendered":"Contacts"},"content":{"rendered":"<section class=\"l-section wpb_row us_custom_34d6e00c height_auto\"><div class=\"l-section-h i-cf\"><div class=\"g-cols vc_row via_grid cols_1 laptops-cols_inherit tablets-cols_inherit mobiles-cols_1 valign_top type_default stacking_default\"><div class=\"wpb_column vc_column_container\"><div class=\"vc_column-inner\"><div class=\"w-separator size_custom\" style=\"height:20px\"><\/div><span class=\"w-post-elm post_title us_custom_76f81bfd has_text_color entry-title color_link_inherit\">Contacts<\/span><div class=\"w-separator size_custom\" style=\"height:3px\"><\/div><nav class=\"g-breadcrumbs us_custom_8abdc95d has_text_color separator_icon align_none\" itemscope itemtype=\"http:\/\/schema.org\/BreadcrumbList\"><div class=\"g-breadcrumbs-item\" itemscope itemprop=\"itemListElement\" itemtype=\"http:\/\/schema.org\/ListItem\"><a itemprop=\"item\" href=\"https:\/\/holleman.org.ua\/en\/\"><span itemprop=\"name\">Main<\/span><\/a><meta itemprop=\"position\" content=\"1\"\/><\/div><div class=\"g-breadcrumbs-separator\"><i class=\"fal fa-angle-right\"><\/i><\/div><div class=\"g-breadcrumbs-item\">Pages<\/div><\/nav><div class=\"w-separator size_custom\" style=\"height:20px\"><\/div><\/div><\/div><\/div><\/div><\/section><section class=\"l-section wpb_row height_auto\"><div class=\"l-section-h i-cf\"><div class=\"g-cols vc_row via_grid cols_1 laptops-cols_inherit tablets-cols_inherit mobiles-cols_1 valign_top type_default stacking_default\"><div class=\"wpb_column vc_column_container\"><div class=\"vc_column-inner\"><div class=\"w-separator size_custom\" style=\"height:30px\"><\/div><div class=\"g-cols wpb_row via_grid cols_3 laptops-cols_inherit tablets-cols_inherit mobiles-cols_1 valign_top type_default stacking_default\" style=\"--gap:30px;\"><div class=\"wpb_column vc_column_container\"><div class=\"vc_column-inner\"><div class=\"w-vwrapper us_custom_aaa933a3 align_none valign_top\" style=\"--vwrapper-gap:0rem\"><div class=\"w-text us_custom_321a610f has_text_color icon_atleft\"><span class=\"w-text-h\"><i class=\"far fa-phone-alt\"><\/i><span class=\"w-text-value\">Phone number:<\/span><\/span><\/div><div class=\"w-separator size_custom\" style=\"height:5px\"><\/div><div class=\"w-text us_custom_632d2ee8 has_text_color\"><a href=\"tel:+38 (067) 519-26-00\" class=\"w-text-h\"><span class=\"w-text-value\">+38 (067) 519-26-00<\/span><\/a><\/div><\/div><\/div><\/div><div class=\"wpb_column vc_column_container\"><div class=\"vc_column-inner\"><div class=\"w-vwrapper us_custom_aaa933a3 align_none valign_top\" style=\"--vwrapper-gap:0rem\"><div class=\"w-text us_custom_321a610f has_text_color icon_atleft\"><span class=\"w-text-h\"><i class=\"far fa-map-marker-alt\"><\/i><span class=\"w-text-value\">Address:<\/span><\/span><\/div><div class=\"w-separator size_custom\" style=\"height:5px\"><\/div><div class=\"w-text us_custom_632d2ee8 has_text_color\"><span class=\"w-text-h\"><span class=\"w-text-value\">Ukraine, 54017, Mykolaiv region, Mykolaiv, 61\/7 Mariupolska str.<\/span><\/span><\/div><\/div><\/div><\/div><div class=\"wpb_column vc_column_container\"><div class=\"vc_column-inner\"><div class=\"w-vwrapper us_custom_aaa933a3 align_none valign_top\" style=\"--vwrapper-gap:0rem\"><div class=\"w-text us_custom_321a610f has_text_color icon_atleft\"><span class=\"w-text-h\"><i class=\"far fa-envelope\"><\/i><span class=\"w-text-value\">Email:<\/span><\/span><\/div><div class=\"w-separator size_custom\" style=\"height:5px\"><\/div><div class=\"w-text us_custom_632d2ee8 has_text_color\"><a href=\"mailto:Info@holleman.org.ua\" class=\"w-text-h\"><span class=\"w-text-value\">Info@holleman.org.ua<\/span><\/a><\/div><\/div><\/div><\/div><\/div><div class=\"w-separator size_custom\" style=\"height:30px\"><\/div><div class=\"w-text us_custom_36dedb7c has_text_color\"><span class=\"w-text-h\"><span class=\"w-text-value\">Holleman network: enterprises with their own equipment<\/span><\/span><\/div><div class=\"w-separator size_custom\" style=\"height:30px\"><\/div><div class=\"g-cols wpb_row via_grid cols_3 laptops-cols_inherit tablets-cols_inherit mobiles-cols_1 valign_top type_default stacking_default\" style=\"--gap:30px;\"><div class=\"wpb_column vc_column_container\"><div class=\"vc_column-inner\"><div class=\"w-vwrapper us_custom_aaa933a3 align_none valign_top\" style=\"--vwrapper-gap:0rem\"><div class=\"w-text us_custom_c27399c5 has_text_color\"><span class=\"w-text-h\"><span class=\"w-text-value\">Bulgaria<\/span><\/span><\/div><div class=\"w-separator size_custom\" style=\"height:5px\"><\/div><div class=\"w-text us_custom_e323bce3 has_text_color\"><span class=\"w-text-h\"><span class=\"w-text-value\">Holleman Bulgaria OOD<\/span><\/span><\/div><div class=\"w-separator size_custom\" style=\"height:5px\"><\/div><div class=\"w-text us_custom_f8886287 has_text_color icon_atleft\"><span class=\"w-text-h\"><i class=\"far fa-map-marker-alt\"><\/i><span class=\"w-text-value\">72 Tutrakan Blvd., 7000 Rousse, Bulgaria<\/span><\/span><\/div><div class=\"w-separator size_custom\" style=\"height:5px\"><\/div><div class=\"w-text us_custom_f8886287 has_text_color icon_atleft\"><span class=\"w-text-h\"><i class=\"far fa-phone-alt\"><\/i><span class=\"w-text-value\">+359 82 842 886 | +359 88 621 1715<\/span><\/span><\/div><div class=\"w-separator size_custom\" style=\"height:5px\"><\/div><div class=\"w-text us_custom_f8886287 has_text_color icon_atleft\"><span class=\"w-text-h\"><i class=\"far fa-fax\"><\/i><span class=\"w-text-value\">+359 82 842 886<\/span><\/span><\/div><div class=\"w-separator size_custom\" style=\"height:5px\"><\/div><div class=\"w-text us_custom_f8886287 has_text_color icon_atleft\"><span class=\"w-text-h\"><i class=\"far fa-envelope\"><\/i><span class=\"w-text-value\">info@holleman.bg<\/span><\/span><\/div><\/div><\/div><\/div><div class=\"wpb_column vc_column_container\"><div class=\"vc_column-inner\"><div class=\"w-vwrapper us_custom_aaa933a3 align_none valign_top\" style=\"--vwrapper-gap:0rem\"><div class=\"w-text us_custom_c27399c5 has_text_color\"><span class=\"w-text-h\"><span class=\"w-text-value\">Serbia<\/span><\/span><\/div><div class=\"w-separator size_custom\" style=\"height:5px\"><\/div><div class=\"w-text us_custom_e323bce3 has_text_color\"><span class=\"w-text-h\"><span class=\"w-text-value\">Holleman Transport doo<\/span><\/span><\/div><div class=\"w-separator size_custom\" style=\"height:5px\"><\/div><div class=\"w-text us_custom_f8886287 has_text_color icon_atleft\"><span class=\"w-text-h\"><i class=\"far fa-map-marker-alt\"><\/i><span class=\"w-text-value\">Milinka Kusica1\/3 11250 Beograd, Serbia<\/span><\/span><\/div><div class=\"w-separator size_custom\" style=\"height:5px\"><\/div><div class=\"w-text us_custom_f8886287 has_text_color icon_atleft\"><span class=\"w-text-h\"><i class=\"far fa-phone-alt\"><\/i><span class=\"w-text-value\">+381 11 657 1 307 | +381 63 770 9 039<\/span><\/span><\/div><div class=\"w-separator size_custom\" style=\"height:5px\"><\/div><div class=\"w-text us_custom_f8886287 has_text_color icon_atleft\"><span class=\"w-text-h\"><i class=\"far fa-fax\"><\/i><span class=\"w-text-value\">+381 11 657 1 389<\/span><\/span><\/div><div class=\"w-separator size_custom\" style=\"height:5px\"><\/div><div class=\"w-text us_custom_f8886287 has_text_color icon_atleft\"><span class=\"w-text-h\"><i class=\"far fa-envelope\"><\/i><span class=\"w-text-value\">info@holleman.rs<\/span><\/span><\/div><\/div><\/div><\/div><div class=\"wpb_column vc_column_container\"><div class=\"vc_column-inner\"><div class=\"w-vwrapper us_custom_aaa933a3 align_none valign_top\" style=\"--vwrapper-gap:0rem\"><div class=\"w-text us_custom_c27399c5 has_text_color\"><span class=\"w-text-h\"><span class=\"w-text-value\">Hungary<\/span><\/span><\/div><div class=\"w-separator size_custom\" style=\"height:5px\"><\/div><div class=\"w-text us_custom_e323bce3 has_text_color\"><span class=\"w-text-h\"><span class=\"w-text-value\">Holleman Hungary OOD<\/span><\/span><\/div><div class=\"w-separator size_custom\" style=\"height:5px\"><\/div><div class=\"w-text us_custom_f8886287 has_text_color icon_atleft\"><span class=\"w-text-h\"><i class=\"far fa-map-marker-alt\"><\/i><span class=\"w-text-value\">2351 Als\u00f3n\u00e9medi, V\u00e1nyi \u00fat 2765 hrsz.<\/span><\/span><\/div><div class=\"w-separator size_custom\" style=\"height:5px\"><\/div><div class=\"w-text us_custom_f8886287 has_text_color icon_atleft\"><span class=\"w-text-h\"><i class=\"far fa-phone-alt\"><\/i><span class=\"w-text-value\">+36 238 04 320<\/span><\/span><\/div><div class=\"w-separator size_custom\" style=\"height:5px\"><\/div><div class=\"w-text us_custom_f8886287 has_text_color icon_atleft\"><span class=\"w-text-h\"><i class=\"far fa-fax\"><\/i><span class=\"w-text-value\">+36 238 04 319<\/span><\/span><\/div><div class=\"w-separator size_custom\" style=\"height:5px\"><\/div><div class=\"w-text us_custom_f8886287 has_text_color icon_atleft\"><span class=\"w-text-h\"><i class=\"far fa-envelope\"><\/i><span class=\"w-text-value\">info@holleman.hu<\/span><\/span><\/div><\/div><\/div><\/div><\/div><div class=\"w-separator size_custom\" style=\"height:30px\"><\/div><div class=\"g-cols wpb_row via_grid cols_3 laptops-cols_inherit tablets-cols_inherit mobiles-cols_1 valign_top type_default stacking_default\" style=\"--gap:30px;\"><div class=\"wpb_column vc_column_container\"><div class=\"vc_column-inner\"><div class=\"w-vwrapper us_custom_aaa933a3 align_none valign_top\" style=\"--vwrapper-gap:0rem\"><div class=\"w-text us_custom_c27399c5 has_text_color\"><span class=\"w-text-h\"><span class=\"w-text-value\">Moldova<\/span><\/span><\/div><div class=\"w-separator size_custom\" style=\"height:5px\"><\/div><div class=\"w-text us_custom_e323bce3 has_text_color\"><span class=\"w-text-h\"><span class=\"w-text-value\">ICS Holleman East SRL<\/span><\/span><\/div><div class=\"w-separator size_custom\" style=\"height:5px\"><\/div><div class=\"w-text us_custom_f8886287 has_text_color icon_atleft\"><span class=\"w-text-h\"><i class=\"far fa-map-marker-alt\"><\/i><span class=\"w-text-value\">72 Decebal Blvd., bl.2, ap.6, Chisinau, MD-2038<\/span><\/span><\/div><div class=\"w-separator size_custom\" style=\"height:5px\"><\/div><div class=\"w-text us_custom_f8886287 has_text_color icon_atleft\"><span class=\"w-text-h\"><i class=\"far fa-phone-alt\"><\/i><span class=\"w-text-value\">+37 369 092 674<\/span><\/span><\/div><div class=\"w-separator size_custom\" style=\"height:5px\"><\/div><div class=\"w-text us_custom_f8886287 has_text_color icon_atleft\"><span class=\"w-text-h\"><i class=\"far fa-fax\"><\/i><span class=\"w-text-value\">+37 302 263 74 57<\/span><\/span><\/div><div class=\"w-separator size_custom\" style=\"height:5px\"><\/div><div class=\"w-text us_custom_f8886287 has_text_color icon_atleft\"><span class=\"w-text-h\"><i class=\"far fa-envelope\"><\/i><span class=\"w-text-value\">info@holleman.md<\/span><\/span><\/div><\/div><\/div><\/div><div class=\"wpb_column vc_column_container\"><div class=\"vc_column-inner\"><div class=\"w-vwrapper us_custom_aaa933a3 align_none valign_top\" style=\"--vwrapper-gap:0rem\"><div class=\"w-text us_custom_c27399c5 has_text_color\"><span class=\"w-text-h\"><span class=\"w-text-value\">Germany<\/span><\/span><\/div><div class=\"w-separator size_custom\" style=\"height:5px\"><\/div><div class=\"w-text us_custom_e323bce3 has_text_color\"><span class=\"w-text-h\"><span class=\"w-text-value\">P.Schwandner Logistik &amp; Transport GmbH<\/span><\/span><\/div><div class=\"w-separator size_custom\" style=\"height:5px\"><\/div><div class=\"w-text us_custom_f8886287 has_text_color icon_atleft\"><span class=\"w-text-h\"><i class=\"far fa-map-marker-alt\"><\/i><span class=\"w-text-value\">Am Kalvarienberg 17 DE-92536 Pfreimd<\/span><\/span><\/div><div class=\"w-separator size_custom\" style=\"height:5px\"><\/div><div class=\"w-text us_custom_f8886287 has_text_color icon_atleft\"><span class=\"w-text-h\"><i class=\"far fa-phone-alt\"><\/i><span class=\"w-text-value\">+49 (0)96 06 \/ 92 19 &#8211; 0<\/span><\/span><\/div><div class=\"w-separator size_custom\" style=\"height:5px\"><\/div><div class=\"w-text us_custom_f8886287 has_text_color icon_atleft\"><span class=\"w-text-h\"><i class=\"far fa-fax\"><\/i><span class=\"w-text-value\">+49 (0)96 06 \/ 92 19 &#8211; 19<\/span><\/span><\/div><div class=\"w-separator size_custom\" style=\"height:5px\"><\/div><div class=\"w-text us_custom_f8886287 has_text_color icon_atleft\"><span class=\"w-text-h\"><i class=\"far fa-envelope\"><\/i><span class=\"w-text-value\">info@schwandner-logistik.de<\/span><\/span><\/div><\/div><\/div><\/div><div class=\"wpb_column vc_column_container\"><div class=\"vc_column-inner\"><div class=\"w-vwrapper us_custom_aaa933a3 align_none valign_top\" style=\"--vwrapper-gap:0rem\"><div class=\"w-text us_custom_c27399c5 has_text_color\"><span class=\"w-text-h\"><span class=\"w-text-value\">Norway<\/span><\/span><\/div><div class=\"w-separator size_custom\" style=\"height:5px\"><\/div><div class=\"w-text us_custom_e323bce3 has_text_color\"><span class=\"w-text-h\"><span class=\"w-text-value\">Holleman NORD<\/span><\/span><\/div><div class=\"w-separator size_custom\" style=\"height:5px\"><\/div><div class=\"w-text us_custom_f8886287 has_text_color icon_atleft\"><span class=\"w-text-h\"><i class=\"far fa-map-marker-alt\"><\/i><span class=\"w-text-value\">Hus\u00f8yveien 260, Postboks 23, 4299 Avaldsnes<\/span><\/span><\/div><div class=\"w-separator size_custom\" style=\"height:5px\"><\/div><div class=\"w-text us_custom_f8886287 has_text_color icon_atleft\"><span class=\"w-text-h\"><i class=\"far fa-phone-alt\"><\/i><span class=\"w-text-value\">info@holleman-nord.no<\/span><\/span><\/div><div class=\"w-separator size_custom\" style=\"height:5px\"><\/div><div class=\"w-text us_custom_f8886287 has_text_color icon_atleft\"><span class=\"w-text-h\"><i class=\"far fa-envelope\"><\/i><span class=\"w-text-value\">info@holleman-nord.no<\/span><\/span><\/div><\/div><\/div><\/div><\/div><div class=\"w-separator size_custom\" style=\"height:30px\"><\/div><\/div><\/div><\/div><\/div><\/section>\n","protected":false},"excerpt":{"rendered":"ContactsMainPagesPhone number:+38 (067) 519-26-00Address:Ukraine, 54017, Mykolaiv region, Mykolaiv, 61\/7 Mariupolska str.Email:Info@holleman.org.uaHolleman network: enterprises with their own equipmentBulgariaHolleman Bulgaria OOD72 Tutrakan Blvd., 7000 Rousse, Bulgaria+359 82 842 886 | +359 88 621 1715+359 82 842 886info@holleman.bgSerbiaHolleman Transport dooMilinka Kusica1\/3 11250 Beograd, Serbia+381 11 657 1 307 | +381 63 770 9 039+381 11 657 1 389info@holleman.rsHungaryHolleman...","protected":false},"author":1,"featured_media":0,"parent":0,"menu_order":0,"comment_status":"closed","ping_status":"closed","template":"","meta":{"_acf_changed":false,"footnotes":""},"class_list":["post-264","page","type-page","status-publish","hentry"],"acf":[],"_links":{"self":[{"href":"https:\/\/holleman.org.ua\/en\/wp-json\/wp\/v2\/pages\/264","targetHints":{"allow":["GET"]}}],"collection":[{"href":"https:\/\/holleman.org.ua\/en\/wp-json\/wp\/v2\/pages"}],"about":[{"href":"https:\/\/holleman.org.ua\/en\/wp-json\/wp\/v2\/types\/page"}],"author":[{"embeddable":true,"href":"https:\/\/holleman.org.ua\/en\/wp-json\/wp\/v2\/users\/1"}],"replies":[{"embeddable":true,"href":"https:\/\/holleman.org.ua\/en\/wp-json\/wp\/v2\/comments?post=264"}],"version-history":[{"count":2,"href":"https:\/\/holleman.org.ua\/en\/wp-json\/wp\/v2\/pages\/264\/revisions"}],"predecessor-version":[{"id":272,"href":"https:\/\/holleman.org.ua\/en\/wp-json\/wp\/v2\/pages\/264\/revisions\/272"}],"wp:attachment":[{"href":"https:\/\/holleman.org.ua\/en\/wp-json\/wp\/v2\/media?parent=264"}],"curies":[{"name":"wp","href":"https:\/\/api.w.org\/{rel}","templated":true}]}}